{"id":684,"date":"2022-08-05T19:05:05","date_gmt":"2022-08-05T19:05:05","guid":{"rendered":"https:\/\/cooperativaburgues.com.uy\/web\/?page_id=684"},"modified":"2022-08-17T12:59:51","modified_gmt":"2022-08-17T12:59:51","slug":"consultoria-asesoria-y-gestion-medioambiental","status":"publish","type":"page","link":"https:\/\/cooperativaburgues.com.uy\/web\/consultoria-asesoria-y-gestion-medioambiental\/","title":{"rendered":"TALLERES DE GESTI\u00d3N AMBIENTAL"},"content":{"rendered":"\n<p><strong>Otro servicio clave en la gestio\u0301n de residuos que realiza la Cooperativa, es la promocio\u0301n y concientizacio\u0301n ambiental para fomentar el reciclaje y el cuidado del ambiente.<\/strong><\/p>\n\n\n\n<p>Como parte de nuestro compromiso con el entorno, disponemos de talleres de clasificaci\u00f3n dirigido a empresas, organismos p\u00fablicos, escuelas y liceos. Como trabajadores ambientales, te aportamos las herramientas para que posiciones a tu empresa como entidad responsable. Conf\u00eda en Cooperativa de Trabajo Burgues para desarrollar una gesti\u00f3n integral de los residuos responsable y sostenible.<\/p>\n\n\n\n<p>Nuestro equipo realiza informes, aport\u00e1ndote todos los conocimientos necesarios para desarrollar tu actividad. Adem\u00e1s, ofrecemos formaciones&nbsp;in-company&nbsp;hechas a medida, ajust\u00e1ndonos siempre a las necesidades del cliente y exigencias del sector.<\/p>\n","protected":false},"excerpt":{"rendered":"<p>Otro servicio clave en la gestio\u0301n de residuos que realiza la Cooperativa, es la promocio\u0301n y concientizacio\u0301n ambiental para fomentar el reciclaje y el cuidado del ambiente. Como parte de nuestro compromiso con el entorno, disponemos de talleres de clasificaci\u00f3n dirigido a empresas, &hellip;<\/p>\n","protected":false},"author":1,"featured_media":707,"parent":0,"menu_order":0,"comment_status":"closed","ping_status":"closed","template":"","meta":{"_monsterinsights_skip_tracking":false,"_monsterinsights_sitenote_active":false,"_monsterinsights_sitenote_note":"","_monsterinsights_sitenote_category":0,"footnotes":""},"class_list":["post-684","page","type-page","status-publish","has-post-thumbnail","hentry"],"_links":{"self":[{"href":"https:\/\/cooperativaburgues.com.uy\/web\/wp-json\/wp\/v2\/pages\/684","targetHints":{"allow":["GET"]}}],"collection":[{"href":"https:\/\/cooperativaburgues.com.uy\/web\/wp-json\/wp\/v2\/pages"}],"about":[{"href":"https:\/\/cooperativaburgues.com.uy\/web\/wp-json\/wp\/v2\/types\/page"}],"author":[{"embeddable":true,"href":"https:\/\/cooperativaburgues.com.uy\/web\/wp-json\/wp\/v2\/users\/1"}],"replies":[{"embeddable":true,"href":"https:\/\/cooperativaburgues.com.uy\/web\/wp-json\/wp\/v2\/comments?post=684"}],"version-history":[{"count":8,"href":"https:\/\/cooperativaburgues.com.uy\/web\/wp-json\/wp\/v2\/pages\/684\/revisions"}],"predecessor-version":[{"id":794,"href":"https:\/\/cooperativaburgues.com.uy\/web\/wp-json\/wp\/v2\/pages\/684\/revisions\/794"}],"wp:featuredmedia":[{"embeddable":true,"href":"https:\/\/cooperativaburgues.com.uy\/web\/wp-json\/wp\/v2\/media\/707"}],"wp:attachment":[{"href":"https:\/\/cooperativaburgues.com.uy\/web\/wp-json\/wp\/v2\/media?parent=684"}],"curies":[{"name":"wp","href":"https:\/\/api.w.org\/{rel}","templated":true}]}}