{"id":659,"date":"2022-08-04T21:33:47","date_gmt":"2022-08-04T21:33:47","guid":{"rendered":"https:\/\/cooperativaburgues.com.uy\/web\/?page_id=659"},"modified":"2022-08-04T21:36:24","modified_gmt":"2022-08-04T21:36:24","slug":"novedades","status":"publish","type":"page","link":"https:\/\/cooperativaburgues.com.uy\/web\/novedades\/","title":{"rendered":"Novedades"},"content":{"rendered":"\t\t<div data-elementor-type=\"wp-page\" data-elementor-id=\"659\" class=\"elementor elementor-659\">\n\t\t\t\t\t\t<section class=\"elementor-section elementor-top-section elementor-element elementor-element-462eb15 elementor-section-boxed elementor-section-height-default elementor-section-height-default\" data-id=\"462eb15\" data-element_type=\"section\">\n\t\t\t\t\t\t<div class=\"elementor-container elementor-column-gap-default\">\n\t\t\t\t\t<div class=\"elementor-column elementor-col-100 elementor-top-column elementor-element elementor-element-f36aa91\" data-id=\"f36aa91\" data-element_type=\"column\">\n\t\t\t<div class=\"elementor-widget-wrap elementor-element-populated\">\n\t\t\t\t\t\t<div class=\"elementor-element elementor-element-bf90ea1 elementor-grid-eael-col-3 elementor-grid-tablet-eael-col-2 elementor-grid-mobile-eael-col-1 elementor-widget elementor-widget-eael-post-grid\" data-id=\"bf90ea1\" data-element_type=\"widget\" data-settings=\"{&quot;eael_post_grid_columns&quot;:&quot;eael-col-3&quot;,&quot;eael_post_grid_columns_tablet&quot;:&quot;eael-col-2&quot;,&quot;eael_post_grid_columns_mobile&quot;:&quot;eael-col-1&quot;}\" data-widget_type=\"eael-post-grid.default\">\n\t\t\t\t<div class=\"elementor-widget-container\">\n\t\t\t\t\t<div id=\"eael-post-grid-bf90ea1\" class=\"eael-post-grid-container\">\n            <div class=\"eael-post-grid eael-post-appender eael-post-appender-bf90ea1 eael-post-grid-style-one\" data-layout-mode=\"grid\"><article class=\"eael-grid-post eael-post-grid-column\" data-id=\"996\">\n        <div class=\"eael-grid-post-holder\">\n            <div class=\"eael-grid-post-holder-inner\"><div class=\"eael-entry-media\"><div class=\"eael-entry-overlay fade-in\"><i class=\"fas fa-long-arrow-alt-right\" aria-hidden=\"true\"><\/i><a href=\"https:\/\/cooperativaburgues.com.uy\/web\/2022\/11\/07\/video-institucional\/\"><\/a><\/div><div class=\"eael-entry-thumbnail eael-image-ratio\">\n                <img fetchpriority=\"high\" decoding=\"async\" width=\"300\" height=\"198\" src=\"https:\/\/cooperativaburgues.com.uy\/web\/wp-content\/uploads\/2022\/07\/foto-6-300x198.jpg\" class=\"attachment-medium size-medium wp-image-990\" alt=\"\" srcset=\"https:\/\/cooperativaburgues.com.uy\/web\/wp-content\/uploads\/2022\/07\/foto-6-300x198.jpg 300w, https:\/\/cooperativaburgues.com.uy\/web\/wp-content\/uploads\/2022\/07\/foto-6-1024x674.jpg 1024w, https:\/\/cooperativaburgues.com.uy\/web\/wp-content\/uploads\/2022\/07\/foto-6-768x506.jpg 768w, https:\/\/cooperativaburgues.com.uy\/web\/wp-content\/uploads\/2022\/07\/foto-6-532x350.jpg 532w, https:\/\/cooperativaburgues.com.uy\/web\/wp-content\/uploads\/2022\/07\/foto-6.jpg 1200w\" sizes=\"(max-width: 300px) 100vw, 300px\" \/>\n            <\/div>\n        <\/div><div class=\"eael-entry-wrapper\"><header class=\"eael-entry-header\"><h2 class=\"eael-entry-title\"><a class=\"eael-grid-post-link\" href=\"https:\/\/cooperativaburgues.com.uy\/web\/2022\/11\/07\/video-institucional\/\" title=\"Video Institucional\">Video Institucional<\/a><\/h2><\/header><div class=\"eael-entry-content\">\n                        <div class=\"eael-grid-post-excerpt\"><p>https:\/\/youtu.be\/kaqRfPG15GM<\/p><a href=\"https:\/\/cooperativaburgues.com.uy\/web\/2022\/11\/07\/video-institucional\/\" class=\"eael-post-elements-readmore-btn\">Leer m\u00e1s<\/a><\/div>\n                    <\/div><div class=\"eael-entry-footer\"><div class=\"eael-author-avatar\"><a href=\"https:\/\/cooperativaburgues.com.uy\/web\/author\/ronetto\/\"><img alt='Cooperativa Burgues' src='https:\/\/secure.gravatar.com\/avatar\/5d4534bb287927cd178f2852383e7c06342d8aedcd49615bbd558cf0feb79463?s=96&#038;d=mm&#038;r=g' srcset='https:\/\/secure.gravatar.com\/avatar\/5d4534bb287927cd178f2852383e7c06342d8aedcd49615bbd558cf0feb79463?s=192&#038;d=mm&#038;r=g 2x' class='avatar avatar-96 photo' height='96' width='96' \/><\/a><\/div><div class=\"eael-entry-meta\"><span class=\"eael-posted-by\"><a href=\"https:\/\/cooperativaburgues.com.uy\/web\/author\/ronetto\/\" title=\"Entradas de Cooperativa Burgues\" rel=\"author\">Cooperativa Burgues<\/a><\/span><span class=\"eael-posted-on\"><time datetime=\"noviembre 7, 2022\">noviembre 7, 2022<\/time><\/span><\/div><\/div><\/div><\/div>\n        <\/div>\n    <\/article><article class=\"eael-grid-post eael-post-grid-column\" data-id=\"191\">\n        <div class=\"eael-grid-post-holder\">\n            <div class=\"eael-grid-post-holder-inner\"><div class=\"eael-entry-media\"><div class=\"eael-entry-overlay fade-in\"><i class=\"fas fa-long-arrow-alt-right\" aria-hidden=\"true\"><\/i><a href=\"https:\/\/cooperativaburgues.com.uy\/web\/2022\/07\/15\/la-importancia-de-las-y-los-clasificadores-en-el-proceso-de-valorizacion\/\"><\/a><\/div><div class=\"eael-entry-thumbnail eael-image-ratio\">\n                <img fetchpriority=\"high\" decoding=\"async\" width=\"300\" height=\"198\" src=\"https:\/\/cooperativaburgues.com.uy\/web\/wp-content\/uploads\/2022\/07\/foto-6-300x198.jpg\" class=\"attachment-medium size-medium wp-image-990\" alt=\"\" srcset=\"https:\/\/cooperativaburgues.com.uy\/web\/wp-content\/uploads\/2022\/07\/foto-6-300x198.jpg 300w, https:\/\/cooperativaburgues.com.uy\/web\/wp-content\/uploads\/2022\/07\/foto-6-1024x674.jpg 1024w, https:\/\/cooperativaburgues.com.uy\/web\/wp-content\/uploads\/2022\/07\/foto-6-768x506.jpg 768w, https:\/\/cooperativaburgues.com.uy\/web\/wp-content\/uploads\/2022\/07\/foto-6-532x350.jpg 532w, https:\/\/cooperativaburgues.com.uy\/web\/wp-content\/uploads\/2022\/07\/foto-6.jpg 1200w\" sizes=\"(max-width: 300px) 100vw, 300px\" \/>\n            <\/div>\n        <\/div><div class=\"eael-entry-wrapper\"><header class=\"eael-entry-header\"><h2 class=\"eael-entry-title\"><a class=\"eael-grid-post-link\" href=\"https:\/\/cooperativaburgues.com.uy\/web\/2022\/07\/15\/la-importancia-de-las-y-los-clasificadores-en-el-proceso-de-valorizacion\/\" title=\"La importancia de las y los clasificadores en el proceso de valorizaci\u00f3n\">La importancia de las y los clasificadores en el proceso de valorizaci\u00f3n<\/a><\/h2><\/header><div class=\"eael-entry-content\">\n                        <div class=\"eael-grid-post-excerpt\"><p>El 1\u00b0 de marzo se conmemora el D\u00eda Mundial del...<\/p><a href=\"https:\/\/cooperativaburgues.com.uy\/web\/2022\/07\/15\/la-importancia-de-las-y-los-clasificadores-en-el-proceso-de-valorizacion\/\" class=\"eael-post-elements-readmore-btn\">Leer m\u00e1s<\/a><\/div>\n                    <\/div><div class=\"eael-entry-footer\"><div class=\"eael-author-avatar\"><a href=\"https:\/\/cooperativaburgues.com.uy\/web\/author\/ronetto\/\"><img alt='Cooperativa Burgues' src='https:\/\/secure.gravatar.com\/avatar\/5d4534bb287927cd178f2852383e7c06342d8aedcd49615bbd558cf0feb79463?s=96&#038;d=mm&#038;r=g' srcset='https:\/\/secure.gravatar.com\/avatar\/5d4534bb287927cd178f2852383e7c06342d8aedcd49615bbd558cf0feb79463?s=192&#038;d=mm&#038;r=g 2x' class='avatar avatar-96 photo' height='96' width='96' \/><\/a><\/div><div class=\"eael-entry-meta\"><span class=\"eael-posted-by\"><a href=\"https:\/\/cooperativaburgues.com.uy\/web\/author\/ronetto\/\" title=\"Entradas de Cooperativa Burgues\" rel=\"author\">Cooperativa Burgues<\/a><\/span><span class=\"eael-posted-on\"><time datetime=\"julio 15, 2022\">julio 15, 2022<\/time><\/span><\/div><\/div><\/div><\/div>\n        <\/div>\n    <\/article><article class=\"eael-grid-post eael-post-grid-column\" data-id=\"188\">\n        <div class=\"eael-grid-post-holder\">\n            <div class=\"eael-grid-post-holder-inner\"><div class=\"eael-entry-media\"><div class=\"eael-entry-overlay fade-in\"><i class=\"fas fa-long-arrow-alt-right\" aria-hidden=\"true\"><\/i><a href=\"https:\/\/cooperativaburgues.com.uy\/web\/2022\/07\/15\/planta-burgues\/\"><\/a><\/div><div class=\"eael-entry-thumbnail eael-image-ratio\">\n                <img decoding=\"async\" width=\"300\" height=\"200\" src=\"https:\/\/cooperativaburgues.com.uy\/web\/wp-content\/uploads\/2022\/07\/IMG_8262-300x200.jpg\" class=\"attachment-medium size-medium wp-image-671\" alt=\"\" srcset=\"https:\/\/cooperativaburgues.com.uy\/web\/wp-content\/uploads\/2022\/07\/IMG_8262-300x200.jpg 300w, https:\/\/cooperativaburgues.com.uy\/web\/wp-content\/uploads\/2022\/07\/IMG_8262-1024x683.jpg 1024w, https:\/\/cooperativaburgues.com.uy\/web\/wp-content\/uploads\/2022\/07\/IMG_8262-768x512.jpg 768w, https:\/\/cooperativaburgues.com.uy\/web\/wp-content\/uploads\/2022\/07\/IMG_8262-1536x1024.jpg 1536w, https:\/\/cooperativaburgues.com.uy\/web\/wp-content\/uploads\/2022\/07\/IMG_8262-525x350.jpg 525w, https:\/\/cooperativaburgues.com.uy\/web\/wp-content\/uploads\/2022\/07\/IMG_8262.jpg 1950w\" sizes=\"(max-width: 300px) 100vw, 300px\" \/>\n            <\/div>\n        <\/div><div class=\"eael-entry-wrapper\"><header class=\"eael-entry-header\"><h2 class=\"eael-entry-title\"><a class=\"eael-grid-post-link\" href=\"https:\/\/cooperativaburgues.com.uy\/web\/2022\/07\/15\/planta-burgues\/\" title=\"Planta Burgues\">Planta Burgues<\/a><\/h2><\/header><div class=\"eael-entry-content\">\n                        <div class=\"eael-grid-post-excerpt\"><p>Se inaugur\u00f3 el 30 de setiembre la tercera planta de...<\/p><a href=\"https:\/\/cooperativaburgues.com.uy\/web\/2022\/07\/15\/planta-burgues\/\" class=\"eael-post-elements-readmore-btn\">Leer m\u00e1s<\/a><\/div>\n                    <\/div><div class=\"eael-entry-footer\"><div class=\"eael-author-avatar\"><a href=\"https:\/\/cooperativaburgues.com.uy\/web\/author\/ronetto\/\"><img alt='Cooperativa Burgues' src='https:\/\/secure.gravatar.com\/avatar\/5d4534bb287927cd178f2852383e7c06342d8aedcd49615bbd558cf0feb79463?s=96&#038;d=mm&#038;r=g' srcset='https:\/\/secure.gravatar.com\/avatar\/5d4534bb287927cd178f2852383e7c06342d8aedcd49615bbd558cf0feb79463?s=192&#038;d=mm&#038;r=g 2x' class='avatar avatar-96 photo' height='96' width='96' \/><\/a><\/div><div class=\"eael-entry-meta\"><span class=\"eael-posted-by\"><a href=\"https:\/\/cooperativaburgues.com.uy\/web\/author\/ronetto\/\" title=\"Entradas de Cooperativa Burgues\" rel=\"author\">Cooperativa Burgues<\/a><\/span><span class=\"eael-posted-on\"><time datetime=\"julio 15, 2022\">julio 15, 2022<\/time><\/span><\/div><\/div><\/div><\/div>\n        <\/div>\n    <\/article><\/div>\n            <div class=\"clearfix\"><\/div>\n        <\/div>            <div class=\"eael-load-more-button-wrap eael-force-hide\">\n                <button class=\"eael-load-more-button\" id=\"eael-load-more-btn-bf90ea1\" data-widget-id=\"bf90ea1\" data-widget=\"bf90ea1\" data-page-id=\"659\" data-template=\"{&quot;dir&quot;:&quot;lite&quot;,&quot;file_name&quot;:&quot;one.php&quot;,&quot;name&quot;:&quot;Post-Grid&quot;}\" data-class=\"Essential_Addons_Elementor\\Elements\\Post_Grid\" data-layout=\"grid\" data-page=\"1\" data-args=\"orderby=date&amp;order=desc&amp;ignore_sticky_posts=1&amp;post_status=publish&amp;posts_per_page=3&amp;offset=0&amp;post_type=post\" data-max-page=\"2\">\n                    <span class=\"eael-btn-loader button__loader\"><\/span>\n                    <span class=\"eael_load_more_text\">Cargar m\u00e1s<\/span>\n                <\/button>\n            <\/div>\n            \t\t\t\t<\/div>\n\t\t\t\t<\/div>\n\t\t\t\t\t<\/div>\n\t\t<\/div>\n\t\t\t\t\t<\/div>\n\t\t<\/section>\n\t\t\t\t<\/div>\n\t\t","protected":false},"excerpt":{"rendered":"<p>La importancia de las y los clasificadores en el proceso de valorizaci\u00f3n El 1\u00b0 de marzo se conmemora el D\u00eda Mundial del&#8230; Leer m\u00e1s Burguesjulio 15, 2022 Planta Burgues Se inaugur\u00f3 el 30 de setiembre la tercera planta de&#8230; Leer m\u00e1s Burguesjulio 15, &hellip;<\/p>\n","protected":false},"author":1,"featured_media":650,"parent":0,"menu_order":0,"comment_status":"closed","ping_status":"closed","template":"","meta":{"_monsterinsights_skip_tracking":false,"_monsterinsights_sitenote_active":false,"_monsterinsights_sitenote_note":"","_monsterinsights_sitenote_category":0,"footnotes":""},"class_list":["post-659","page","type-page","status-publish","has-post-thumbnail","hentry"],"_links":{"self":[{"href":"https:\/\/cooperativaburgues.com.uy\/web\/wp-json\/wp\/v2\/pages\/659","targetHints":{"allow":["GET"]}}],"collection":[{"href":"https:\/\/cooperativaburgues.com.uy\/web\/wp-json\/wp\/v2\/pages"}],"about":[{"href":"https:\/\/cooperativaburgues.com.uy\/web\/wp-json\/wp\/v2\/types\/page"}],"author":[{"embeddable":true,"href":"https:\/\/cooperativaburgues.com.uy\/web\/wp-json\/wp\/v2\/users\/1"}],"replies":[{"embeddable":true,"href":"https:\/\/cooperativaburgues.com.uy\/web\/wp-json\/wp\/v2\/comments?post=659"}],"version-history":[{"count":4,"href":"https:\/\/cooperativaburgues.com.uy\/web\/wp-json\/wp\/v2\/pages\/659\/revisions"}],"predecessor-version":[{"id":664,"href":"https:\/\/cooperativaburgues.com.uy\/web\/wp-json\/wp\/v2\/pages\/659\/revisions\/664"}],"wp:featuredmedia":[{"embeddable":true,"href":"https:\/\/cooperativaburgues.com.uy\/web\/wp-json\/wp\/v2\/media\/650"}],"wp:attachment":[{"href":"https:\/\/cooperativaburgues.com.uy\/web\/wp-json\/wp\/v2\/media?parent=659"}],"curies":[{"name":"wp","href":"https:\/\/api.w.org\/{rel}","templated":true}]}}